{"id":16,"date":"2018-01-06T13:47:24","date_gmt":"2018-01-06T12:47:24","guid":{"rendered":"https:\/\/www.vehiculesanciens-airbuspalays.fr\/?page_id=16"},"modified":"2023-04-22T10:28:53","modified_gmt":"2023-04-22T08:28:53","slug":"accueil","status":"publish","type":"page","link":"https:\/\/www.vehiculesanciens-airbuspalays.fr\/","title":{"rendered":"Accueil"},"content":{"rendered":"\n<p class=\"has-text-align-center\">Nostalgiques et passionn\u00e9s de v\u00e9hicules anciens, faites de votre passion une r\u00e9alit\u00e9 et venez vite nous retrouver ! Vous pouvez \u00e9galement consulter les <strong><a rel=\"noreferrer noopener\" href=\"https:\/\/www.vehiculesanciens-airbuspalays.fr\/?cat=23\" target=\"_blank\"><mark style=\"background-color:rgba(0, 0, 0, 0);color:#0f9600\" class=\"has-inline-color\">petites annonces<\/mark><\/a><\/strong> de nos adh\u00e9rents et nous <a rel=\"noreferrer noopener\" href=\"https:\/\/www.vehiculesanciens-airbuspalays.fr\/?page_id=660\" target=\"_blank\"><strong>soumettre des manifestations<\/strong><\/a> pour enrichir le calendrier.<\/p>\n\n\n\n<div class=\"um um-login um-396\">\n\t<div class=\"um-form\">\n\t\t<form method=\"post\" action=\"\" autocomplete=\"off\">\n\t\t\t<div class=\"um-row _um_row_1 \" style=\"margin: 0 0 30px 0;\"><div class=\"um-col-1\"><div  id=\"um_field_396_username\" class=\"um-field um-field-text  um-field-username um-field-text um-field-type_text\" data-key=\"username\"><div class=\"um-field-label\"><div class=\"um-field-label-icon\"><i class=\"um-icon-android-person\" aria-label=\"Username or E-mail\"><\/i><\/div><label for=\"username-396\">Identifiant ou e-mail<\/label><div class=\"um-clear\"><\/div><\/div><div class=\"um-field-area\"><input  autocomplete=\"off\" class=\"um-form-field valid \" type=\"text\" name=\"username-396\" id=\"username-396\" value=\"\" placeholder=\"\" data-validate=\"unique_username_or_email\" data-key=\"username\"  aria-invalid=\"false\" \/>\n\n\t\t\t\t\t\t<\/div><\/div><div  id=\"um_field_396_user_password\" class=\"um-field um-field-password  um-field-user_password um-field-password um-field-type_password\" data-key=\"user_password\"><div class=\"um-field-label\"><div class=\"um-field-label-icon\"><i class=\"um-icon-android-lock\" aria-label=\"Password\"><\/i><\/div><label for=\"user_password-396\">Mot de passe<\/label><div class=\"um-clear\"><\/div><\/div><div class=\"um-field-area\"><input class=\"um-form-field valid \" type=\"password\" name=\"user_password-396\" id=\"user_password-396\" value=\"\" placeholder=\"\" data-validate=\"\" data-key=\"user_password\"  aria-invalid=\"false\" \/>\n\n\t\t\t\t\t\t\t<\/div><\/div><div  class=\"um-field um-field-block  um-field-block um-field-type_block\" data-key=\"um_block_396_4\"><div>L\u2019adh\u00e9sion \u00e0 la section se fait par le biais du\u00a0<a href=\"https:\/\/www.cseairbusds.com\/com\/login\" target=\"_blank\" rel=\"nofollow noopener\"><span style=\"color: blue\"><u>CSE d\u2019Airbus Defence and Space Toulouse<\/u><\/span><\/a>.<\/div>\r\n<div>D\u00e8s votre adh\u00e9sion, vous pourrez revenir sur ce site pour cr\u00e9er votre compte afin d\u2019acc\u00e9der \u00e0 encore plus de contenus.<\/div><\/div><div  class=\"um-field um-field-block  um-field-block um-field-type_block\" data-key=\"um_block_396_4_5\">Si vous \u00eates d\u00e9j\u00e0 membre de la section, vous pouvez vous inscrire en remplissant ce\u00a0<a href=\"https:\/\/www.vehiculesanciens-airbuspalays.fr\/?page_id=403\">formulaire<\/a> d'enregistrement<\/div><\/div><\/div>\t<input type=\"hidden\" name=\"form_id\" id=\"form_id_396\" value=\"396\" \/>\n\t\t<p class=\"um_request_name\">\n\t\t<label for=\"um_request_396\">Only fill in if you are not human<\/label>\n\t\t<input type=\"hidden\" name=\"um_request\" id=\"um_request_396\" class=\"input\" value=\"\" size=\"25\" autocomplete=\"off\" \/>\n\t<\/p>\n\t<input type=\"hidden\" id=\"_wpnonce\" name=\"_wpnonce\" value=\"e269321c6e\" \/><input type=\"hidden\" name=\"_wp_http_referer\" value=\"\/index.php?rest_route=%2Fwp%2Fv2%2Fpages%2F16\" \/>\n\t<div class=\"um-col-alt\">\n\n\t\t\n\n\t\t\t<div class=\"um-field um-field-c\">\n\t\t\t\t<div class=\"um-field-area\">\n\t\t\t\t\t<label class=\"um-field-checkbox\">\n\t\t\t\t\t\t<input type=\"checkbox\" name=\"rememberme\" value=\"1\"  \/>\n\t\t\t\t\t\t<span class=\"um-field-checkbox-state\"><i class=\"um-icon-android-checkbox-outline-blank\"><\/i><\/span>\n\t\t\t\t\t\t<span class=\"um-field-checkbox-option\"> Se souvenir de moi<\/span>\n\t\t\t\t\t<\/label>\n\t\t\t\t<\/div>\n\t\t\t<\/div>\n\n\t\t\t\t\t\t<div class=\"um-clear\"><\/div>\n\t\t\n\t\t\t<div class=\"um-left um-half\">\n\t\t\t\t<input type=\"submit\" value=\"Connexion\" class=\"um-button\" id=\"um-submit-btn\" \/>\n\t\t\t<\/div>\n\t\t\t<div class=\"um-right um-half\">\n\t\t\t\t<a href=\"https:\/\/www.vehiculesanciens-airbuspalays.fr\/?page_id=403\" class=\"um-button um-alt\">\n\t\t\t\t\tInscription\t\t\t\t<\/a>\n\t\t\t<\/div>\n\n\t\t\n\t\t<div class=\"um-clear\"><\/div>\n\n\t<\/div>\n\n\t\n\t<div class=\"um-col-alt-b\">\n\t\t<a href=\"https:\/\/www.vehiculesanciens-airbuspalays.fr\/?page_id=411\" class=\"um-link-alt\">\n\t\t\tMot de passe oubli\u00e9\u00a0?\t\t<\/a>\n\t<\/div>\n\n\t\t\t<\/form>\n\t<\/div>\n<\/div>\n<style>\n\t\t\t.um-396.um {\n\t\t\tmax-width: 450px;\n\t\t}\n\t\t<\/style>\n\n\n\n<div class=\"wp-block-image\">\n<figure class=\"aligncenter size-full\"><a href=\"https:\/\/www.cseairbusds.com\/com\/login\" target=\"_blank\" rel=\"noreferrer noopener\"><img loading=\"lazy\" decoding=\"async\" width=\"170\" height=\"93\" src=\"https:\/\/www.vehiculesanciens-airbuspalays.fr\/wp-content\/uploads\/2023\/02\/logo-CSE-2021-petit-002.png\" alt=\"\" class=\"wp-image-3140\"\/><\/a><\/figure>\n<\/div>\n\n<div class=\"wp-block-image\">\n<figure class=\"aligncenter is-resized\"><a href=\"https:\/\/www.vehiculesanciens-airbuspalays.fr\/wp-content\/uploads\/2018\/01\/accueil.png\" target=\"_blank\" rel=\"noreferrer noopener\"><img loading=\"lazy\" decoding=\"async\" src=\"https:\/\/www.vehiculesanciens-airbuspalays.fr\/wp-content\/uploads\/2018\/01\/accueil.png\" alt=\"\" class=\"wp-image-51\" width=\"189\" height=\"138\" srcset=\"https:\/\/www.vehiculesanciens-airbuspalays.fr\/wp-content\/uploads\/2018\/01\/accueil.png 669w, https:\/\/www.vehiculesanciens-airbuspalays.fr\/wp-content\/uploads\/2018\/01\/accueil-300x219.png 300w\" sizes=\"auto, (max-width: 189px) 100vw, 189px\" \/><\/a><\/figure>\n<\/div>\n\n\n<p class=\"has-text-align-center\"><em><mark style=\"background-color:rgba(0, 0, 0, 0);color:#002afc\" class=\"has-inline-color\">Toute reproduction, int\u00e9grale ou partielle des \u00e9l\u00e9ments du site est interdite sauf autorisation expresse et pr\u00e9alable de l&#8217;auteur et\/ou du bureau de la section<\/mark><\/em><\/p>\n","protected":false},"excerpt":{"rendered":"<p>Nostalgiques et passionn\u00e9s de v\u00e9hicules anciens, faites de votre passion une r\u00e9alit\u00e9 et venez vite nous retrouver ! Vous pouvez \u00e9galement consulter les petites annonces de nos adh\u00e9rents et nous soumettre des manifestations pour enrichir le calendrier. Toute reproduction, int\u00e9grale <a class=\"more-link\" href=\"https:\/\/www.vehiculesanciens-airbuspalays.fr\/\">Continuer la lecture <span class=\"screen-reader-text\">  Accueil<\/span><span class=\"meta-nav\">&rarr;<\/span><\/a><\/p>\n","protected":false},"author":1,"featured_media":0,"parent":0,"menu_order":0,"comment_status":"closed","ping_status":"closed","template":"","meta":{"footnotes":""},"class_list":["post-16","page","type-page","status-publish","hentry"],"publishpress_future_action":{"enabled":false,"date":"2026-05-06 03:27:50","action":"change-status","newStatus":"draft","terms":[],"taxonomy":"","extraData":[]},"publishpress_future_workflow_manual_trigger":{"enabledWorkflows":[]},"_links":{"self":[{"href":"https:\/\/www.vehiculesanciens-airbuspalays.fr\/index.php?rest_route=\/wp\/v2\/pages\/16","targetHints":{"allow":["GET"]}}],"collection":[{"href":"https:\/\/www.vehiculesanciens-airbuspalays.fr\/index.php?rest_route=\/wp\/v2\/pages"}],"about":[{"href":"https:\/\/www.vehiculesanciens-airbuspalays.fr\/index.php?rest_route=\/wp\/v2\/types\/page"}],"author":[{"embeddable":true,"href":"https:\/\/www.vehiculesanciens-airbuspalays.fr\/index.php?rest_route=\/wp\/v2\/users\/1"}],"replies":[{"embeddable":true,"href":"https:\/\/www.vehiculesanciens-airbuspalays.fr\/index.php?rest_route=%2Fwp%2Fv2%2Fcomments&post=16"}],"version-history":[{"count":60,"href":"https:\/\/www.vehiculesanciens-airbuspalays.fr\/index.php?rest_route=\/wp\/v2\/pages\/16\/revisions"}],"predecessor-version":[{"id":3225,"href":"https:\/\/www.vehiculesanciens-airbuspalays.fr\/index.php?rest_route=\/wp\/v2\/pages\/16\/revisions\/3225"}],"wp:attachment":[{"href":"https:\/\/www.vehiculesanciens-airbuspalays.fr\/index.php?rest_route=%2Fwp%2Fv2%2Fmedia&parent=16"}],"curies":[{"name":"wp","href":"https:\/\/api.w.org\/{rel}","templated":true}]}}